{"id":259,"date":"2024-11-17T13:07:32","date_gmt":"2024-11-17T12:07:32","guid":{"rendered":"https:\/\/pandora.anorg.chemie.uni-frankfurt.de\/?page_id=259"},"modified":"2025-09-22T14:10:34","modified_gmt":"2025-09-22T13:10:34","slug":"open-positions","status":"publish","type":"page","link":"https:\/\/holthausen.anorg.chemie.uni-frankfurt.de\/index.php\/open-positions\/","title":{"rendered":"Open Positions"},"content":{"rendered":"\n<p>\n<details>\n<summary style=\"display:list-item\"><strong>Bachelor\/Master Projects<\/strong><\/summary><br>\nWe are steadily offering projects for highly motivated students &#8211; please drop in and talk to us!\n<\/details>\n<\/p>\n\n\n\n<p>\n<details>\n<summary style=\"display:list-item\"><strong>PhD Positions<\/strong><\/summary><br>\nThe Holthausen group is currently looking for talented and highly motivated PhD students in the field of computational chemistry<br><br>\n<strong>Research assistant (Wiss. Mitarbeiter, m\/f)<\/strong><br>\nE13 TV-GU, 50%<br>\nthe position is initially limited to three years<br><br>\nOur group investigates recent problems in inorganic chemistry using modern quantum-chemical methods. Our main focus lies on silicon chemistry, main-group chemistry, bio-inorganic chemistry (with special attention on copper chemistry) and transition metal mediated small molecule activation. Using density functional theory (DFT) and Post-Hartree-Fock methods we are exploring reaction mechanisms, bonding situations, and the electronic structure of complex systems and  we are therefore closely collaborating with experimental groups. Thus we are searching for highly motivated and talented graduates (with a degree in chemistry, e.g. M.Sc.), who have a strong chemical background and excellent knowledge of theoretical chemistry. Besides your own research, participation in group internal organisation, preparation and realisation of research and teaching is obligatory.<br><br>\nPrerequisites:<br>\n<ul>\n<li>degree in chemistry, e.g. M.Sc.<\/li>\n<li>experience with quantum-chemical methods<\/li>\n<li>good language skills: English and German (at least the willingness to learn the German language)<\/li><\/ul><br>\nApplications containing the characteristic documents are to be sent to <a href=\"mailto:c.friedrich@chemie.uni-frankfurt.de\">c.friedrich@chemie.uni-frankfurt.de<\/a>.<br><br>\n\u2013\u2013\u2013\u2013\u2013\u2013\u2013\u2013\u2013\u2013\u2013\u2013\u2013\u2013\u2013\u2013\u2013\u2013\u2013\u2013\u2013\u2013\u2013\u2013\u2013\u2013\u2013\u2013<br><br>\nWir suchen Doktoranden auf dem Gebiet der Computational Chemistry als<br><br>\n<strong>Wiss. Mitarbeiter (m\/w)<\/strong><br>\nE13 TV-GU, 50%<br>\nzun\u00e4chst befristet f\u00fcr die Dauer von drei Jahren<br><br>\nWir untersuchen aktuelle Fragestellungen der anorganischen Chemie mit Hilfe moderner quantenchemischer Methoden. Der thematische Fokus liegt dabei auf der Siliziumchemie, der Hauptgruppenchemie, der Bioanorganik (insbesondere der Chemie des Kupfers), sowie der \u00dcbergangsmetall-vermittelten Aktivierung kleiner Molek\u00fcle. Unter der Verwendung von Dichtefunktional- und Post-Hartree-Fock-Theorie untersuchen wir Reaktionsmechanismen, Bindungsverh\u00e4ltnisse und die elektronische Struktur anspruchsvoller Systeme und arbeiten dabei eng mit Experimentatoren zusammen. Daher sind wir auf der Suche nach au\u00dferordentlich motivierten und leistungsf\u00e4higen Absolventen (M.Sc. Chemie), die \u00fcber eine gute chemische Ausbildung und hervorragende Kenntnisse auf dem Gebiet der theoretischen Chemie verf\u00fcgen. Dienstleistungen zur Organisation, Vorbereitung und Durchf\u00fchrung von Forschung und Lehre sind verpflichtend. Gelegenheit zu selbstbestimmter Forschung, insbesondere zu Arbeiten an einer Dissertation, ist gegeben.<br><br>\nWenn Sie sich mit diesem Profil identifizieren k\u00f6nnen, ein abgeschlossenes wissenschaftliches Hochschulstudium der Chemie vorweisen, \u00fcber einschl\u00e4gige Erfahrungen mit quantenchemischen Methoden verf\u00fcgen und die deutsche, sowie die englische Sprache gut beherrschen, freuen wir uns \u00fcber eine Kontaktaufnahme mit den \u00fcblichen Bewerbungsunterlagen an <a href=\"mailto:c.friedrich@chemie.uni-frankfurt.de\">c.friedrich@chemie.uni-frankfurt.de<\/a>.\n<\/details>\n<\/p>\n\n\n\n<p>\n<details>\n<summary style=\"display:list-item\"><strong>Postdoc Positions<\/strong><\/summary><br>\nAll internally funded positions are occupied at present. Outstanding researchers interested in our fields of research are welcome to apply for external funding through schemes available at <a href=\"https:\/\/www.humboldt-foundation.de\/en\/apply\/sponsorship-programmes\" target=\"_blank\" rel=\"noreferrer noopener\">Humboldt foundation<\/a>, <a href=\"https:\/\/www.daad.de\/en\/\" target=\"_blank\" rel=\"noreferrer noopener\">DAAD<\/a>, <a href=\"https:\/\/marie-sklodowska-curie-actions.ec.europa.eu\" target=\"_blank\" rel=\"noreferrer noopener\">Marie Curie IIF<\/a>. Please contact Prof. Holthausen for further information. \n<\/details>\n<\/p>\n","protected":false},"excerpt":{"rendered":"<p>Bachelor\/Master Projects We are steadily offering projects for highly motivated students &#8211; please drop in and talk to us! PhD Positions The Holthausen group is currently looking for talented and highly motivated PhD students in the field of computational chemistry Research assistant (Wiss. Mitarbeiter, m\/f) E13 TV-GU, 50% the position&hellip;<\/p>\n","protected":false},"author":1,"featured_media":0,"parent":0,"menu_order":0,"comment_status":"closed","ping_status":"closed","template":"","meta":{"footnotes":""},"class_list":["post-259","page","type-page","status-publish","hentry"],"_links":{"self":[{"href":"https:\/\/holthausen.anorg.chemie.uni-frankfurt.de\/index.php\/wp-json\/wp\/v2\/pages\/259","targetHints":{"allow":["GET"]}}],"collection":[{"href":"https:\/\/holthausen.anorg.chemie.uni-frankfurt.de\/index.php\/wp-json\/wp\/v2\/pages"}],"about":[{"href":"https:\/\/holthausen.anorg.chemie.uni-frankfurt.de\/index.php\/wp-json\/wp\/v2\/types\/page"}],"author":[{"embeddable":true,"href":"https:\/\/holthausen.anorg.chemie.uni-frankfurt.de\/index.php\/wp-json\/wp\/v2\/users\/1"}],"replies":[{"embeddable":true,"href":"https:\/\/holthausen.anorg.chemie.uni-frankfurt.de\/index.php\/wp-json\/wp\/v2\/comments?post=259"}],"version-history":[{"count":9,"href":"https:\/\/holthausen.anorg.chemie.uni-frankfurt.de\/index.php\/wp-json\/wp\/v2\/pages\/259\/revisions"}],"predecessor-version":[{"id":650,"href":"https:\/\/holthausen.anorg.chemie.uni-frankfurt.de\/index.php\/wp-json\/wp\/v2\/pages\/259\/revisions\/650"}],"wp:attachment":[{"href":"https:\/\/holthausen.anorg.chemie.uni-frankfurt.de\/index.php\/wp-json\/wp\/v2\/media?parent=259"}],"curies":[{"name":"wp","href":"https:\/\/api.w.org\/{rel}","templated":true}]}}