{"id":202,"date":"2024-11-17T10:33:11","date_gmt":"2024-11-17T09:33:11","guid":{"rendered":"https:\/\/pandora.anorg.chemie.uni-frankfurt.de\/?page_id=202"},"modified":"2025-04-14T09:56:10","modified_gmt":"2025-04-14T08:56:10","slug":"curriculum-vitae","status":"publish","type":"page","link":"https:\/\/holthausen.anorg.chemie.uni-frankfurt.de\/index.php\/curriculum-vitae\/","title":{"rendered":"Curriculum Vitae"},"content":{"rendered":"\n<div class=\"wp-block-media-text is-stacked-on-mobile is-vertically-aligned-bottom\" style=\"grid-template-columns:15% auto\"><figure class=\"wp-block-media-text__media\"><img loading=\"lazy\" decoding=\"async\" width=\"683\" height=\"1024\" src=\"https:\/\/holthausen.anorg.chemie.uni-frankfurt.de\/wp-content\/uploads\/2024\/11\/max-683x1024.jpg\" alt=\"\" class=\"wp-image-389 size-full\" srcset=\"https:\/\/holthausen.anorg.chemie.uni-frankfurt.de\/wp-content\/uploads\/2024\/11\/max-683x1024.jpg 683w, https:\/\/holthausen.anorg.chemie.uni-frankfurt.de\/wp-content\/uploads\/2024\/11\/max-200x300.jpg 200w, https:\/\/holthausen.anorg.chemie.uni-frankfurt.de\/wp-content\/uploads\/2024\/11\/max-768x1152.jpg 768w, https:\/\/holthausen.anorg.chemie.uni-frankfurt.de\/wp-content\/uploads\/2024\/11\/max-1024x1536.jpg 1024w, https:\/\/holthausen.anorg.chemie.uni-frankfurt.de\/wp-content\/uploads\/2024\/11\/max-1365x2048.jpg 1365w, https:\/\/holthausen.anorg.chemie.uni-frankfurt.de\/wp-content\/uploads\/2024\/11\/max-scaled.jpg 1707w\" sizes=\"auto, (max-width: 683px) 100vw, 683px\" \/><\/figure><div class=\"wp-block-media-text__content\">\n<h3 class=\"wp-block-heading\">Prof. Dr. Max C. Holthausen<\/h3>\n<\/div><\/div>\n\n\n\n<div class=\"wp-block-columns is-layout-flex wp-container-core-columns-is-layout-9d6595d7 wp-block-columns-is-layout-flex\">\n<div class=\"wp-block-column is-layout-flow wp-block-column-is-layout-flow\" style=\"flex-basis:100%\"><\/div>\n<\/div>\n\n\n\n<div class=\"wp-block-group is-layout-grid wp-container-core-group-is-layout-9649a0d9 wp-block-group-is-layout-grid\">\n<p class=\"wp-container-content-69bc4bdf\">Diploma (Chemistry)<\/p>\n\n\n\n<p><strong>1991<\/strong><\/p>\n\n\n\n<p class=\"wp-container-content-e29552f7\">Georg-August-Universit\u00e4t G\u00f6ttingen<\/p>\n\n\n\n<p>Dr. rer. nat.<\/p>\n\n\n\n<p class=\"wp-container-content-69bc4bdf\"><strong>1996<\/strong><\/p>\n\n\n\n<p class=\"wp-container-content-e29552f7\">Technische Universit\u00e4t Berlin (with W. Koch)<\/p>\n\n\n\n<p>Post-doc<\/p>\n\n\n\n<p><strong>1996\u201397<\/strong><\/p>\n\n\n\n<p class=\"wp-container-content-e29552f7\">Emory University Atlanta, USA (with K. Morokuma)<\/p>\n\n\n\n<p><\/p>\n\n\n\n<p><strong>1997\u201398<\/strong><\/p>\n\n\n\n<p class=\"wp-container-content-e29552f7\">Universit\u00e4t Z\u00fcrich, Switzerland (with W. Thiel)<\/p>\n\n\n\n<p>Habilitation<\/p>\n\n\n\n<p><strong>1999\u20132001<\/strong><\/p>\n\n\n\n<p class=\"wp-container-content-e29552f7\">Humboldt-Universit\u00e4t zu Berlin<\/p>\n\n\n\n<p><\/p>\n\n\n\n<p><strong>2001\u201305<\/strong><\/p>\n\n\n\n<p class=\"wp-container-content-e29552f7\">Philipps-Universit\u00e4t Marburg<\/p>\n\n\n\n<p>Stand-in Professor<\/p>\n\n\n\n<p><strong>2003<\/strong><\/p>\n\n\n\n<p class=\"wp-container-content-e29552f7\">Goethe-Universit\u00e4t Frankfurt am Main<\/p>\n\n\n\n<p class=\"wp-container-content-69bc4bdf\">Full Professor (W3) for Computational Chemistry<\/p>\n\n\n\n<p><strong>2005<\/strong><\/p>\n\n\n\n<p class=\"wp-container-content-e29552f7\">Goethe-Universit\u00e4t&nbsp;Frankfurt am Main<\/p>\n\n\n\n<p>Fellowships\/Awards<\/p>\n\n\n\n<p class=\"has-text-align-left\"><strong>1996<\/strong><\/p>\n\n\n\n<p class=\"wp-container-content-e29552f7\">Feodor-Lynen Research Fellowship (A. v. Humboldt foundation)<\/p>\n\n\n\n<p><\/p>\n\n\n\n<p><strong>1999<\/strong><\/p>\n\n\n\n<p class=\"wp-container-content-e29552f7\">Liebig Habilitation Fellowship (Fonds der Chemischen Industrie)<\/p>\n\n\n\n<p><\/p>\n\n\n\n<p><strong>2008<\/strong><\/p>\n\n\n\n<p class=\"wp-container-content-e29552f7\">Award for excellent teaching (FB 14, Goethe University)<\/p>\n\n\n\n<p><\/p>\n\n\n\n<p class=\"wp-container-content-69bc4bdf\"><strong>2011<\/strong><\/p>\n\n\n\n<p class=\"wp-container-content-e29552f7\">Award for excellent teaching (FB 14, Goethe University)<\/p>\n<\/div>\n","protected":false},"excerpt":{"rendered":"<p>Prof. Dr. Max C. Holthausen Diploma (Chemistry) 1991 Georg-August-Universit\u00e4t G\u00f6ttingen Dr. rer. nat. 1996 Technische Universit\u00e4t Berlin (with W. Koch) Post-doc 1996\u201397 Emory University Atlanta, USA (with K. Morokuma) 1997\u201398 Universit\u00e4t Z\u00fcrich, Switzerland (with W. Thiel) Habilitation 1999\u20132001 Humboldt-Universit\u00e4t zu Berlin 2001\u201305 Philipps-Universit\u00e4t Marburg Stand-in Professor 2003 Goethe-Universit\u00e4t Frankfurt am&hellip;<\/p>\n","protected":false},"author":1,"featured_media":0,"parent":0,"menu_order":0,"comment_status":"closed","ping_status":"closed","template":"","meta":{"footnotes":""},"class_list":["post-202","page","type-page","status-publish","hentry"],"_links":{"self":[{"href":"https:\/\/holthausen.anorg.chemie.uni-frankfurt.de\/index.php\/wp-json\/wp\/v2\/pages\/202","targetHints":{"allow":["GET"]}}],"collection":[{"href":"https:\/\/holthausen.anorg.chemie.uni-frankfurt.de\/index.php\/wp-json\/wp\/v2\/pages"}],"about":[{"href":"https:\/\/holthausen.anorg.chemie.uni-frankfurt.de\/index.php\/wp-json\/wp\/v2\/types\/page"}],"author":[{"embeddable":true,"href":"https:\/\/holthausen.anorg.chemie.uni-frankfurt.de\/index.php\/wp-json\/wp\/v2\/users\/1"}],"replies":[{"embeddable":true,"href":"https:\/\/holthausen.anorg.chemie.uni-frankfurt.de\/index.php\/wp-json\/wp\/v2\/comments?post=202"}],"version-history":[{"count":8,"href":"https:\/\/holthausen.anorg.chemie.uni-frankfurt.de\/index.php\/wp-json\/wp\/v2\/pages\/202\/revisions"}],"predecessor-version":[{"id":569,"href":"https:\/\/holthausen.anorg.chemie.uni-frankfurt.de\/index.php\/wp-json\/wp\/v2\/pages\/202\/revisions\/569"}],"wp:attachment":[{"href":"https:\/\/holthausen.anorg.chemie.uni-frankfurt.de\/index.php\/wp-json\/wp\/v2\/media?parent=202"}],"curies":[{"name":"wp","href":"https:\/\/api.w.org\/{rel}","templated":true}]}}