{"id":114,"date":"2024-11-16T16:42:28","date_gmt":"2024-11-16T15:42:28","guid":{"rendered":"https:\/\/pandora.anorg.chemie.uni-frankfurt.de\/?page_id=114"},"modified":"2024-11-19T15:35:18","modified_gmt":"2024-11-19T14:35:18","slug":"privacy","status":"publish","type":"page","link":"https:\/\/holthausen.anorg.chemie.uni-frankfurt.de\/index.php\/privacy\/","title":{"rendered":"Privacy Policy"},"content":{"rendered":"\n<p><strong>Diensteanbieterin<\/strong><br>Johann Wolfgang Goethe-Universit\u00e4t Frankfurt am Main<br>Theodor-W.-Adorno-Platz 1<br>60323 Frankfurt am Main<br>Deutschland<\/p>\n\n\n\n<p>Telefon: +49 69 798-0 | E-Mail:&nbsp;&nbsp;<a href=\"mailto:webmaster@uni-frankfurt.de\">webmaster@uni-frankfurt.de<\/a><\/p>\n\n\n\n<p>Die Goethe-Universit\u00e4t Frankfurt am Main ist als Hochschule des Landes Hessen eine rechtsf\u00e4hige Stiftung des \u00f6ffentlichen Rechts (\u00a7 88 HessHG).&nbsp;<\/p>\n\n\n\n<p>Umsatzsteuer-Identifikationsnummer (USt-IdNr.): DE 114 110 511<\/p>\n\n\n\n<p><strong>Gesetzlicher Vertreter:<\/strong> Der Pr\u00e4sident der Goethe-Universit\u00e4t, Prof. Dr. Enrico Schleiff&nbsp;<\/p>\n\n\n\n<p><strong>Redaktion\/inhaltlich verantwortlich:&nbsp;<\/strong>Prof. Dr. Max Holthausen<\/p>\n\n\n\n<p><strong>Haftungshinweise<\/strong><br>Diese Webseiten enthalten Links zu externen Webseiten Dritter, auf deren Inhalte der Betreiber keinen Einfluss hat. Der Betreiber macht sich ausdr\u00fccklich mit dem Setzen des Links auch nicht die hinter dem Link liegenden Inhalte zu Eigen. Daher kann keine Haftung f\u00fcr die Aktualit\u00e4t, Richtigkeit und Vollst\u00e4ndigkeit der Inhalte der fremden Website \u00fcbernommen werden<\/p>\n\n\n\n<p>F\u00fcr die Inhalte ist stets der jeweilige Anbieter oder Betreiber der verlinkten Webseite verantwortlich. Zum Zeitpunkt des Setzens der Verlinkung wurde die fremde Website im Rahmen des Zumutbaren gepr\u00fcft und es waren keinerlei rechtswidrigen Inhalte oder rechtliche Verst\u00f6\u00dfe bekannt oder erkennbar. Eine permanente inhaltliche Kontrolle der verlinkten Seiten ist jedoch ohne konkrete Anhaltspunkte einer Rechtsverletzung nicht zumutbar. Erh\u00e4lt der Betreiber Kenntnis von der Rechtswidrigkeit der verlinkten Inhalte, wird der entsprechende Link unverz\u00fcglich entfernt.<\/p>\n\n\n\n<p><a href=\"https:\/\/holthausen.anorg.chemie.uni-frankfurt.de\/wp-content\/uploads\/2024\/11\/Datenschutzerklarung.pdf\" data-type=\"attachment\" data-id=\"318\">Datenschutzerkl\u00e4rung<\/a><\/p>\n","protected":false},"excerpt":{"rendered":"<p>DiensteanbieterinJohann Wolfgang Goethe-Universit\u00e4t Frankfurt am MainTheodor-W.-Adorno-Platz 160323 Frankfurt am MainDeutschland Telefon: +49 69 798-0 | E-Mail:&nbsp;&nbsp;webmaster@uni-frankfurt.de Die Goethe-Universit\u00e4t Frankfurt am Main ist als Hochschule des Landes Hessen eine rechtsf\u00e4hige Stiftung des \u00f6ffentlichen Rechts (\u00a7 88 HessHG).&nbsp; Umsatzsteuer-Identifikationsnummer (USt-IdNr.): DE 114 110 511 Gesetzlicher Vertreter: Der Pr\u00e4sident der Goethe-Universit\u00e4t, Prof. Dr.&hellip;<\/p>\n","protected":false},"author":1,"featured_media":0,"parent":0,"menu_order":0,"comment_status":"closed","ping_status":"closed","template":"","meta":{"footnotes":""},"class_list":["post-114","page","type-page","status-publish","hentry"],"_links":{"self":[{"href":"https:\/\/holthausen.anorg.chemie.uni-frankfurt.de\/index.php\/wp-json\/wp\/v2\/pages\/114","targetHints":{"allow":["GET"]}}],"collection":[{"href":"https:\/\/holthausen.anorg.chemie.uni-frankfurt.de\/index.php\/wp-json\/wp\/v2\/pages"}],"about":[{"href":"https:\/\/holthausen.anorg.chemie.uni-frankfurt.de\/index.php\/wp-json\/wp\/v2\/types\/page"}],"author":[{"embeddable":true,"href":"https:\/\/holthausen.anorg.chemie.uni-frankfurt.de\/index.php\/wp-json\/wp\/v2\/users\/1"}],"replies":[{"embeddable":true,"href":"https:\/\/holthausen.anorg.chemie.uni-frankfurt.de\/index.php\/wp-json\/wp\/v2\/comments?post=114"}],"version-history":[{"count":7,"href":"https:\/\/holthausen.anorg.chemie.uni-frankfurt.de\/index.php\/wp-json\/wp\/v2\/pages\/114\/revisions"}],"predecessor-version":[{"id":362,"href":"https:\/\/holthausen.anorg.chemie.uni-frankfurt.de\/index.php\/wp-json\/wp\/v2\/pages\/114\/revisions\/362"}],"wp:attachment":[{"href":"https:\/\/holthausen.anorg.chemie.uni-frankfurt.de\/index.php\/wp-json\/wp\/v2\/media?parent=114"}],"curies":[{"name":"wp","href":"https:\/\/api.w.org\/{rel}","templated":true}]}}