{"id":11,"date":"2024-11-15T15:54:18","date_gmt":"2024-11-15T15:54:18","guid":{"rendered":"https:\/\/pandora.anorg.chemie.uni-frankfurt.de\/?page_id=11"},"modified":"2026-04-17T12:28:56","modified_gmt":"2026-04-17T11:28:56","slug":"teaching","status":"publish","type":"page","link":"https:\/\/holthausen.anorg.chemie.uni-frankfurt.de\/index.php\/teaching\/","title":{"rendered":"Teaching"},"content":{"rendered":"\n<p>\n<details>\n<summary style=\"display:list-item\"><strong>Vorlesung &#8220;Allgemeine und anorganische Chemie&#8221; (A.1)<\/strong><\/summary>\n<br><strong>Materialien<\/strong><br>Die Vorlesungsskripte werden w\u00e4hrend des Kurses \u00fcber die OLAT-Lernplattform zug\u00e4nglich gemacht <a href=\"https:\/\/olat-ce.server.uni-frankfurt.de\/olat\/auth\/RepositoryEntry\/25591316484\" target=\"_blank\" rel=\"noreferrer noopener\">[LINK]<\/a>.<br><br>\n<strong>Literatur\/eBooks<\/strong><br>\n<a href=\"https:\/\/www.degruyter.com\/document\/doi\/10.1515\/9783110206845\/html\" target=\"_blank\" rel=\"noreferrer noopener\"> Hollemann\/Wiberg \u2013 Lehrbuch der Anorganischen Chemie<\/a>\n<\/details>\n<\/p>\n\n\n\n<p>\n<details>\n<summary style=\"display:list-item\"><strong>Praktikum &#8220;Computerchemie&#8221; (A.1)<\/strong><\/summary>\n<br><strong>Anmeldung\/Einteilung<\/strong><br>\nDie offizielle Anmeldung erfolgt im Rahmen des Moduls &#8220;Allgemeine und Analytische Chemie&#8221; (<a href=\"https:\/\/www.uni-frankfurt.de\/54809707\/Allgm_Analyt_Chem\" target=\"_blank\" rel=\"noreferrer noopener\">AK Terfort<\/a>). Die interne Kursverwaltung findet mithilfe der OLAT-Lernplattform statt. Bitte tragen Sie sich in den OLAT-Kurs zum Modul &#8220;Allgemeine und Analytische Chemie&#8221; ein <a href=\"https:\/\/olat-ce.server.uni-frankfurt.de\/olat\/auth\/RepositoryEntry\/23430791173\" target=\"_blank\" rel=\"noreferrer noopener\">[LINK]<\/a>. Die Einteilung in einen der Computerpraktikumskurse erfolgt sp\u00e4ter.<br><br>\n<strong>Voraussetzungen<\/strong><br>\n<ul>\n<li>funktionierender HRZ-Account (Bitte testen Sie vor Beginn des Praktikums, ob Sie sich bei den virtuellen Arbeitspl\u00e4tzen der Universit\u00e4t anmelden k\u00f6nnen <a href=\"https:\/\/connect.uni-frankfurt.de\/\" target=\"_blank\" rel=\"noreferrer noopener\">[LINK]<\/a>.)<br><\/li>\n<li>bestandene Sicherheitsklausur<br><\/li>\n<li>Teilnahme am Praktikum &#8220;Allgemeine und analytische Chemie&#8221; im gleichen Semester<\/li>\n<\/ul><br>\n<strong>Termine WS 25\/26<\/strong><br>\njeweils 14-18 Uhr<br>\nTreffpunkt (Gruppe 1): 14:00 Uhr st im H\u00f6rsaal B2<br>\nTreffpunkt (Gruppe 2): 14:00 Uhr st im H\u00f6rsaal B3<br><br>\n<table>\n  <tr>\n    <th>Gruppe\/Tag<\/th>\n    <th>Tag 1<\/th>\n    <th>Tag 2<\/th>\n    <th>Tag 3<\/th>\n    <th>Tag 4<\/th>\n    <th>Tag 5<\/th>\n  <\/tr>\n  <tr>\n    <td>Gruppe 1<\/td>\n    <td>12.01.25 (Mo)<\/td>\n    <td>13.01.25 (Di)<\/td>\n    <td>14.01.25 (Mi)<\/td>\n    <td>19.01.25 (Mo)<\/td>\n    <td>20.01.25 (Di)<\/td>\n  <\/tr>\n  <tr>\n    <td>Gruppe 2<\/td>\n    <td>26.01.25 (Mo)<\/td>\n    <td>27.01.25 (Di)<\/td>\n    <td>28.01.25 (Mi)<\/td>\n    <td>02.02.25 (Mo)<\/td>\n    <td>03.02.25 (Di)<\/td>\n  <\/tr>\n<\/table>\n<br>\n<strong>Material<\/strong><br>\nSkripte und Aufgabenbl\u00e4tter werden w\u00e4hrend des Kurses \u00fcber die OLAT-Lernplattform zug\u00e4nglich gemacht <a href=\"https:\/\/olat-ce.server.uni-frankfurt.de\/olat\/auth\/RepositoryEntry\/25519194115\" target=\"_blank\" rel=\"noreferrer noopener\">[LINK]<\/a>.<br><br>\n<strong>Ansprechpartner<\/strong><br>\nM.Sc. Myron Heinz<br>\nInstitut f\u00fcr Anorganische und Analytische Chemie<br>\nMax-von-Laue-Str. 7, 60438 Frankfurt am Main<br>\nTel.: (+49) 69 798-29414<br>\neMail: <a href=\"mailto:my.heinz@chemie.uni-frankfurt.de\">my.heinz@chemie.uni-frankfurt.de<\/a>\n<\/details>\n<\/p>\n\n\n\n<p>\n<details>\n<summary style=\"display:list-item\"><strong>Vorlesung &#8220;Hauptgruppenchemie&#8221; (A.3)<\/strong><\/summary>\n<br><strong>Termine WS 25\/26<\/strong><br>\nDie Vorlesung findet im WS 25\/26 immer montags um 10 Uhr ct im H\u00f6rsaal Chemie H1 statt.<br><br>\nErster Vorlesungstermin: 20.10.2025<br><br>\nKlausurtermin 1: 17.02.2026, 09:00\u201311:00, N\/B1<br>\nKlausurtermin 2: 07.04.2026, 09:00\u201311:00, OSZ H3\n<br><br>\n<strong>Materialien<\/strong><br>Die Vorlesungsskripte werden w\u00e4hrend des Kurses \u00fcber die OLAT-Lernplattform zug\u00e4nglich gemacht <a href=\"https:\/\/olat-ce.server.uni-frankfurt.de\/olat\/auth\/RepositoryEntry\/25774358529?4\" target=\"_blank\" rel=\"noreferrer noopener\">[LINK]<\/a>.<br><br>\n<strong>Literatur\/eBooks<\/strong><br>\n<a href=\"https:\/\/www.degruyter.com\/document\/doi\/10.1515\/9783110206845\/html\" target=\"_blank\" rel=\"noreferrer noopener\"> Hollemann\/Wiberg \u2013 Lehrbuch der Anorganischen Chemie<\/a><br>\n<a href=\"https:\/\/www.degruyter.com\/document\/doi\/10.1515\/9783110694444\/html target=\"_blank\" rel=\"noreferrer noopener\"\"> Riedel\/Janiak \u2013 Anorganische Chemie<\/a>\n<\/details>\n<\/p>\n\n\n\n<p>\n<details>\n<summary style=\"display:list-item\"><strong>Wahlpflichtmodul &#8220;Molecular Computational Chemistry&#8221; (W.10\/W.11)<\/strong><\/summary><br>\n<strong>Teil 1 &#8220;Computational Main Group Chemistry&#8221; (W.10\/W.11)<\/strong><br>\n23.03.2026 \u2013 03.04.2026 (Block-Veranstaltung)<br>\nRaum N160\/107<br>\nBeginn jeweils um 10 Uhr st<br><br>\nIn diesem Modul erlernen Sie die Bearbeitung aktueller chemischer Fragestellungen mithilfe quantenchemischer Methoden. Die Vorlesung vermittelt anwendungsorientierte theoretische Grundlagen der Methoden, die in den Praktika zum Einsatz kommen. Sie werden an die Nutzung von Hochleistungsrechnern herangef\u00fchrt, wie sie im lokalen und \u00fcberregionalen Umfeld verf\u00fcgbar sind, und erlernen das selbst\u00e4ndige Arbeiten mit dem Unix-Betriebssystem und mit quantenchemischen Programmpaketen. Anhand einfach gew\u00e4hlter Beispiele aus der Hauptgruppenchemie wird die Durchf\u00fchrung der Berechnungen, sowie die Auswertung und professionelle Dokumentation der Ergebnisse erlernt. Einsatzm\u00f6glichkeiten, aber auch Grenzen der jeweiligen Methoden werden er\u00f6rtert, was eine kritische Bewertung der Aussagekraft von quantenchemischen Ergebnissen erm\u00f6glicht.<br><br>\n<strong>Teil 2 &#8220;Computational Transition Metal Chemistry&#8221; (W.11)<\/strong><br>\n10.08.2026 \u2013 14.08.2026 (Block-Veranstaltung)<br>\nRaum N140\/314<br>\nBeginn jeweils um 10 Uhr st<br><br>\n<strong>Anmeldung<\/strong><br>\nF\u00fcr das Wahlpflichtmodul ist eine Anmeldung erforderlich! Die Anmeldung findet \u00fcber die OLAT-Lernplattform statt <a href=\"https:\/\/olat-ce.server.uni-frankfurt.de\/olat\/auth\/RepositoryEntry\/26403962880\/CourseNode\/93668888136012\" target=\"_blank\" rel=\"noreferrer noopener\">[LINK].<\/a> Bitte tragen Sie sich in die Warteliste ein, sofern Sie am Kurs teilnehmen m\u00f6chten. Die Regularien werden zu Beginn des Kurses bekannt gegeben.<br><br>\n<strong>Materialien<\/strong><br>\nMaterialien werden w\u00e4hrend des Kurses \u00fcber die OLAT-Lernplattform zug\u00e4nglich gemacht.\n<\/details>\n<\/p>\n\n\n\n<p>\n<details>\n<summary style=\"display:list-item\"><strong>Vorlesung &#8220;Einf\u00fchrung in die Dichtefunktionaltheorie&#8221; (K3.1)<\/strong><\/summary><br>\n<strong>Termine SS 26<\/strong><br>\nmontags und dienstags 12\u201314 Uhr im Seminarraum N160\/107<br><br>\n<strong>Materialien<\/strong><br>\nMaterialien zum Download sowie weiterf\u00fchrende Informationen werden w\u00e4hrend der Veranstaltung \u00fcber die OLAT-Lernplattform verf\u00fcgbar gemacht <a href=\"https:\/\/olat-ce.server.uni-frankfurt.de\/olat\/auth\/RepositoryEntry\/27555987460\" target=\"_blank\" rel=\"noreferrer noopener\">[LINK]<\/a>.\n<\/details>\n<\/p>\n","protected":false},"excerpt":{"rendered":"<p>Vorlesung &#8220;Allgemeine und anorganische Chemie&#8221; (A.1) MaterialienDie Vorlesungsskripte werden w\u00e4hrend des Kurses \u00fcber die OLAT-Lernplattform zug\u00e4nglich gemacht [LINK]. Literatur\/eBooks Hollemann\/Wiberg \u2013 Lehrbuch der Anorganischen Chemie Praktikum &#8220;Computerchemie&#8221; (A.1) Anmeldung\/Einteilung Die offizielle Anmeldung erfolgt im Rahmen des Moduls &#8220;Allgemeine und Analytische Chemie&#8221; (AK Terfort). Die interne Kursverwaltung findet mithilfe der OLAT-Lernplattform&hellip;<\/p>\n","protected":false},"author":1,"featured_media":0,"parent":0,"menu_order":0,"comment_status":"closed","ping_status":"closed","template":"","meta":{"footnotes":""},"class_list":["post-11","page","type-page","status-publish","hentry"],"_links":{"self":[{"href":"https:\/\/holthausen.anorg.chemie.uni-frankfurt.de\/index.php\/wp-json\/wp\/v2\/pages\/11","targetHints":{"allow":["GET"]}}],"collection":[{"href":"https:\/\/holthausen.anorg.chemie.uni-frankfurt.de\/index.php\/wp-json\/wp\/v2\/pages"}],"about":[{"href":"https:\/\/holthausen.anorg.chemie.uni-frankfurt.de\/index.php\/wp-json\/wp\/v2\/types\/page"}],"author":[{"embeddable":true,"href":"https:\/\/holthausen.anorg.chemie.uni-frankfurt.de\/index.php\/wp-json\/wp\/v2\/users\/1"}],"replies":[{"embeddable":true,"href":"https:\/\/holthausen.anorg.chemie.uni-frankfurt.de\/index.php\/wp-json\/wp\/v2\/comments?post=11"}],"version-history":[{"count":45,"href":"https:\/\/holthausen.anorg.chemie.uni-frankfurt.de\/index.php\/wp-json\/wp\/v2\/pages\/11\/revisions"}],"predecessor-version":[{"id":716,"href":"https:\/\/holthausen.anorg.chemie.uni-frankfurt.de\/index.php\/wp-json\/wp\/v2\/pages\/11\/revisions\/716"}],"wp:attachment":[{"href":"https:\/\/holthausen.anorg.chemie.uni-frankfurt.de\/index.php\/wp-json\/wp\/v2\/media?parent=11"}],"curies":[{"name":"wp","href":"https:\/\/api.w.org\/{rel}","templated":true}]}}